{"id":318,"date":"2018-01-07T19:31:37","date_gmt":"2018-01-07T19:31:37","guid":{"rendered":"http:\/\/containerboard.kruger.com\/home\/"},"modified":"2025-01-28T20:21:37","modified_gmt":"2025-01-28T20:21:37","slug":"accueil","status":"publish","type":"page","link":"https:\/\/containerboard.kruger.com\/fr\/","title":{"rendered":"Accueil"},"content":{"rendered":"<div class=\"wpb-content-wrapper\"><p>[vc_section full_width=\u00a0\u00bbstretch_row\u00a0\u00bb][vc_row][vc_column offset=\u00a0\u00bbvc_col-md-offset-2 vc_col-md-8&Prime; el_class=\u00a0\u00bbintro-bordered-box\u00a0\u00bb el_id=\u00a0\u00bbspecial-home\u00a0\u00bb][vc_custom_heading text=\u00a0\u00bbNovateur. Fiable. Digne de confiance.\u00a0\u00bb font_container=\u00a0\u00bbtag:h1|text_align:center\u00a0\u00bb use_theme_fonts=\u00a0\u00bbyes\u00a0\u00bb][vc_separator color=\u00a0\u00bbcustom\u00a0\u00bb border_width=\u00a0\u00bb2&Prime; accent_color=\u00a0\u00bb#16c48c\u00a0\u00bb][vc_custom_heading text=\u00a0\u00bbDepuis plus d\u2019un demi-si\u00e8cle, Kruger est un fournisseur de cartonnage de confiance pour des fabricants d\u2019emballages de pointe en Am\u00e9rique du Nord.\u00a0\u00bb font_container=\u00a0\u00bbtag:p|text_align:center\u00a0\u00bb use_theme_fonts=\u00a0\u00bbyes\u00a0\u00bb el_class=\u00a0\u00bbborderLeadText\u00a0\u00bb][vc_separator color=\u00a0\u00bbcustom\u00a0\u00bb border_width=\u00a0\u00bb2&Prime; accent_color=\u00a0\u00bb#16c48c\u00a0\u00bb][vc_empty_space height=\u00a0\u00bb3rem\u00a0\u00bb][\/vc_column][\/vc_row][vc_row][vc_column css=\u00a0\u00bb.vc_custom_1556906363047{padding-bottom: 50px !important;}\u00a0\u00bb offset=\u00a0\u00bbvc_col-md-offset-2 vc_col-md-8&Prime;][vc_column_text css=\u00a0\u00bb.vc_custom_1670515906909{margin-bottom: 0px !important;padding-bottom: 0px !important;}\u00a0\u00bb]<\/p>\n<p style=\"text-align: center;\"><a class=\"btn btn-outline-secondary\" href=\"https:\/\/www.kruger.com\/fr\/pourquoi-travailler-chez-kruger\/#fraude\" target=\"_blank\" rel=\"noopener\">M\u00e9fiez-vous des offres d&#8217;emploi frauduleuses<\/a><\/p>\n<p>[\/vc_column_text][\/vc_column][\/vc_row][\/vc_section][vc_section full_width=\u00a0\u00bbstretch_row\u00a0\u00bb][vc_row][vc_column][vc_row_inner][vc_column_inner width=\u00a0\u00bb1\/3&Prime;][vc_column_text]<\/p>\n<h2>\u00c0 propos de ce secteur<\/h2>\n<p>Nos produits comprennent du carton doublure blanc 100 % recycl\u00e9, du carton pour tubes, du carton pour stratifi\u00e9s ainsi que divers produits de sp\u00e9cialit\u00e9, dont du carton pour chemises suspendues, du carton couleur et du carton fortement coll\u00e9.<\/p>\n<p><a class=\"btn btn-outline-primary\" href=\"https:\/\/containerboard.kruger.com\/fr\/a-propos\/\">Apprenez-en plus <\/a>[\/vc_column_text][\/vc_column_inner][vc_column_inner width=\u00a0\u00bb1\/3&Prime;][vc_column_text]<\/p>\n<h2>D\u00e9couvrez notre \u00e9quipe<\/h2>\n<p>Comptant des ann\u00e9es d\u2019exp\u00e9rience en plus d\u2019\u00eatre d\u00e9vou\u00e9e \u00e0 offrir un service \u00e0 la client\u00e8le personnalis\u00e9, efficace et fiable, notre \u00e9quipe de professionnels hautement qualifi\u00e9s constitue l\u2019une des raisons de notre succ\u00e8s. Appelez-nous et nous vous aiderons \u00e0 accro\u00eetre votre rentabilit\u00e9.<\/p>\n<p><a class=\"btn btn-outline-primary\" href=\"https:\/\/containerboard.kruger.com\/fr\/nous-joindre\/\">Nous joindre<\/a>[\/vc_column_text][\/vc_column_inner][vc_column_inner width=\u00a0\u00bb1\/3&Prime;][vc_column_text css=\u00a0\u00bb\u00a0\u00bb]<\/p>\n<h2>Investisseurs<\/h2>\n<p>Pour toute information concernant les billets de premier rang non garantis convertibles \u00e9mis par Emballages Kruger Holding S.E.C. arrivant \u00e0 \u00e9ch\u00e9ance le 1er juin 2026, veuillez contacter\u00a0<strong>Scott Alves, Vice-pr\u00e9sident, Finance et Tr\u00e9sorier, Kruger inc<\/strong>.<\/p>\n<p><a class=\"btn btn-outline-primary\" href=\"https:\/\/containerboard.kruger.com\/fr\/nous-joindre\/#contact-investors\">Nous joindre<\/a>[\/vc_column_text][\/vc_column_inner][\/vc_row_inner][\/vc_column][\/vc_row][\/vc_section][vc_section full_width=\u00a0\u00bbstretch_row\u00a0\u00bb css=\u00a0\u00bb.vc_custom_1513021931500{background-color: #ffffff !important;}\u00a0\u00bb][vc_row][vc_column][vc_row_inner][vc_column_inner offset=\u00a0\u00bbvc_col-lg-offset-2 vc_col-lg-8&Prime;][vc_custom_heading text=\u00a0\u00bbCe que nous produisons\u00a0\u00bb font_container=\u00a0\u00bbtag:h1|text_align:center\u00a0\u00bb use_theme_fonts=\u00a0\u00bbyes\u00a0\u00bb css=\u00a0\u00bb.vc_custom_1518028264316{margin-bottom: 0px !important;padding-bottom: 0px !important;}\u00a0\u00bb][\/vc_column_inner][\/vc_row_inner][vc_row_inner][vc_column_inner][vc_single_image image=\u00a0\u00bb103&Prime; img_size=\u00a0\u00bbfull\u00a0\u00bb onclick=\u00a0\u00bblink_image\u00a0\u00bb][\/vc_column_inner][\/vc_row_inner][vc_row_inner][vc_column_inner offset=\u00a0\u00bbvc_col-lg-offset-2 vc_col-lg-8&Prime;][vc_column_text]<\/p>\n<h2 style=\"text-align: center;\">Cartonnage et produits de sp\u00e9cialit\u00e9<\/h2>\n<p>Nous fabriquons une gamme compl\u00e8te de produits, dont du papier doublure blanc 100 % recycl\u00e9, du carton pour tubes et du carton pour stratifi\u00e9s. Nous produisons aussi divers produits de sp\u00e9cialit\u00e9 comme du carton pour chemises suspendues, du carton couleur et du carton fortement coll\u00e9.[\/vc_column_text][\/vc_column_inner][\/vc_row_inner][vc_row_inner][vc_column_inner]        <div class=\"products \">\n                        <div class=\"products-container\" data-number-posts=\"6\">\n                                <div class=\"products-list row\">\n                                                <div class=\"product col-md-6 col-lg-4\">\n                                <div class=\"product-content matchHeight\" data-mh=\"products-match\">\n                                                                                                            <a class=\"d-block p-link-plus\" href=\"https:\/\/containerboard.kruger.com\/fr\/products\/carton-doublure-ultra-haute-performance-xtr\/\">\n                                                                                <img decoding=\"async\" class=\"img-fluid\" src=\"https:\/\/containerboard.kruger.com\/wp-content\/uploads\/sites\/10\/2018\/01\/6_3_containerboard_products_performance-xtr-linerboard-700x470.jpg\"\/>\n                                                                            <\/a>\n                                \n                                    <div class=\"product-info\">\n                                        <h3 class=\"col-12\">Carton doublure ultra haute performance (XTR<sup>TM<\/sup>)<\/h3>\n                                                                                    <div class=\"col-12\">\n                                                <div class=\"news-terms-container\">\n                                                                                                            <span class=\"news-term-pill col-auto\">Cartonnage<\/span>\n                                                                                                    <\/div>\n                                            <\/div>\n                                                                                                                                                                            <div class=\"col-12\"><p>Carton doublure l\u00e9ger ultra haute performance et hautement r\u00e9sistant 100 % recycl\u00e9. <\/p>\n<\/div>\n                                                                                                                                        <div class=\"product-links\">\n                                                                                                                                                                                                                                                                        <a class=\"col-12 product-link btn btn-reg btn-link\" href=\"https:\/\/containerboard.kruger.com\/fr\/products\/carton-doublure-ultra-haute-performance-xtr\/\">En savoir plus<\/a>\n                                                                                                    <\/div>\n                                                                                                                        <\/div>\n                                <\/div>\n                            <\/div>\n                                                    <div class=\"product col-md-6 col-lg-4\">\n                                <div class=\"product-content matchHeight\" data-mh=\"products-match\">\n                                                                                                            <a class=\"d-block p-link-plus\" href=\"https:\/\/containerboard.kruger.com\/fr\/products\/carton-doublure-blanc-greenwhite\/\">\n                                                                                <img decoding=\"async\" class=\"img-fluid\" src=\"https:\/\/containerboard.kruger.com\/wp-content\/uploads\/sites\/10\/2018\/01\/6_3_containerboard_products_white-top-linerboard_list-700x470.jpg\"\/>\n                                                                            <\/a>\n                                \n                                    <div class=\"product-info\">\n                                        <h3 class=\"col-12\">Carton doublure blanc (GreenWhite<sup>TM<\/sup>)<\/h3>\n                                                                                    <div class=\"col-12\">\n                                                <div class=\"news-terms-container\">\n                                                                                                            <span class=\"news-term-pill col-auto\">Cartonnage<\/span>\n                                                                                                    <\/div>\n                                            <\/div>\n                                                                                                                                                                            <div class=\"col-12\"><p>Carton doublure blanc 100 % recycl\u00e9 pour une qualit\u00e9 d\u2019impression incomparable r\u00e9pondant \u00e0 tous vos besoins en emballages et pr\u00e9sentoirs.<\/p>\n<\/div>\n                                                                                                                                        <div class=\"product-links\">\n                                                                                                                                                                                                                                                                        <a class=\"col-12 product-link btn btn-reg btn-link\" href=\"https:\/\/containerboard.kruger.com\/fr\/products\/carton-doublure-blanc-greenwhite\/\">En savoir plus<\/a>\n                                                                                                    <\/div>\n                                                                                                                        <\/div>\n                                <\/div>\n                            <\/div>\n                                                    <div class=\"product col-md-6 col-lg-4\">\n                                <div class=\"product-content matchHeight\" data-mh=\"products-match\">\n                                                                                                                <img decoding=\"async\" class=\"img-fluid\" src=\"https:\/\/containerboard.kruger.com\/wp-content\/uploads\/sites\/10\/2018\/01\/6_3_containerboard_products_customized-highy-sized-boards-700x470.jpg\"\/>\n                                        \n                                    <div class=\"product-info\">\n                                        <h3 class=\"col-12\">Carton sur mesure fortement encoll\u00e9<\/h3>\n                                                                                    <div class=\"col-12\">\n                                                <div class=\"news-terms-container\">\n                                                                                                            <span class=\"news-term-pill col-auto\">Produits de sp\u00e9cialit\u00e9<\/span>\n                                                                                                    <\/div>\n                                            <\/div>\n                                                                                                                                                                            <div class=\"col-12\"><p>Carton 100 % recycl\u00e9 pour panneaux isolants (hydror\u00e9sistants) destin\u00e9s \u00e0 la construction r\u00e9sidentielle.<\/p>\n<\/div>\n                                                                                                                                                                    <\/div>\n                                <\/div>\n                            <\/div>\n                                                    <div class=\"product col-md-6 col-lg-4\">\n                                <div class=\"product-content matchHeight\" data-mh=\"products-match\">\n                                                                                                                <img decoding=\"async\" class=\"img-fluid\" src=\"https:\/\/containerboard.kruger.com\/wp-content\/uploads\/sites\/10\/2018\/01\/6_3_containerboard_products_tube-stock-700x470.jpg\"\/>\n                                        \n                                    <div class=\"product-info\">\n                                        <h3 class=\"col-12\">Carton pour tubes<\/h3>\n                                                                                    <div class=\"col-12\">\n                                                <div class=\"news-terms-container\">\n                                                                                                            <span class=\"news-term-pill col-auto\">Produits de sp\u00e9cialit\u00e9<\/span>\n                                                                                                    <\/div>\n                                            <\/div>\n                                                                                                                                                                            <div class=\"col-12\"><p>Carton 100 % recycl\u00e9 pour la fabrication de mandrins ou de tubes.<\/p>\n<\/div>\n                                                                                                                                                                    <\/div>\n                                <\/div>\n                            <\/div>\n                                                    <div class=\"product col-md-6 col-lg-4\">\n                                <div class=\"product-content matchHeight\" data-mh=\"products-match\">\n                                                                                                                <img decoding=\"async\" class=\"img-fluid\" src=\"https:\/\/containerboard.kruger.com\/wp-content\/uploads\/sites\/10\/2018\/01\/6_3_containerboard_products_saturating-and-release-paper-700x470.jpg\"\/>\n                                        \n                                    <div class=\"product-info\">\n                                        <h3 class=\"col-12\">Carton pour stratifi\u00e9s<\/h3>\n                                                                                    <div class=\"col-12\">\n                                                <div class=\"news-terms-container\">\n                                                                                                            <span class=\"news-term-pill col-auto\">Produits de sp\u00e9cialit\u00e9<\/span>\n                                                                                                    <\/div>\n                                            <\/div>\n                                                                                                                                                                            <div class=\"col-12\"><p>Papier \u00e0 impr\u00e9gner 100 % recycl\u00e9 pour la fabrication de stratifi\u00e9s haute pression.<\/p>\n<\/div>\n                                                                                                                                                                    <\/div>\n                                <\/div>\n                            <\/div>\n                                                    <div class=\"product col-md-6 col-lg-4\">\n                                <div class=\"product-content matchHeight\" data-mh=\"products-match\">\n                                                                                                                <img decoding=\"async\" class=\"img-fluid\" src=\"https:\/\/containerboard.kruger.com\/wp-content\/uploads\/sites\/10\/2022\/05\/kb-fold.png\"\/>\n                                        \n                                    <div class=\"product-info\">\n                                        <h3 class=\"col-12\">KB Fold &#8211; Bo\u00eete pliante URB<\/h3>\n                                                                                    <div class=\"col-12\">\n                                                <div class=\"news-terms-container\">\n                                                                                                            <span class=\"news-term-pill col-auto\">Produits de sp\u00e9cialit\u00e9<\/span>\n                                                                                                    <\/div>\n                                            <\/div>\n                                                                                                                                                                            <div class=\"col-12\"><p>100% conforme \u00e0 la FDA utilis\u00e9 pour diverses applications alimentaires et de boissons. Notre chip de pliage est disponible dans une vari\u00e9t\u00e9 d'\u00e9triers et est certifi\u00e9 FSC et SFI afin de garantir une qualit\u00e9 optimale. <\/p>\n<\/div>\n                                                                                                                                                                    <\/div>\n                                <\/div>\n                            <\/div>\n                                        <\/div>\n                            <\/div>\n        <\/div>\n        [\/vc_column_inner][\/vc_row_inner][vc_row_inner][vc_column_inner offset=\u00a0\u00bbvc_col-lg-offset-2 vc_col-lg-8&Prime;][vc_column_text]<\/p>\n<p style=\"text-align: center;\"><a class=\"btn btn-outline-primary\" href=\"https:\/\/containerboard.kruger.com\/fr\/produits\/\">D\u00e9couvrez nos produits<\/a><\/p>\n<p>[\/vc_column_text][\/vc_column_inner][\/vc_row_inner][\/vc_column][\/vc_row][\/vc_section]<\/p>\n<\/div>","protected":false},"excerpt":{"rendered":"<p>[vc_section full_width=\u00a0\u00bbstretch_row\u00a0\u00bb][vc_row][vc_column offset=\u00a0\u00bbvc_col-md-offset-2 vc_col-md-8&Prime; el_class=\u00a0\u00bbintro-bordered-box\u00a0\u00bb el_id=\u00a0\u00bbspecial-home\u00a0\u00bb][vc_custom_heading text=\u00a0\u00bbNovateur. Fiable. Digne de confiance.\u00a0\u00bb font_container=\u00a0\u00bbtag:h1|text_align:center\u00a0\u00bb use_theme_fonts=\u00a0\u00bbyes\u00a0\u00bb][vc_separator color=\u00a0\u00bbcustom\u00a0\u00bb border_width=\u00a0\u00bb2&Prime; accent_color=\u00a0\u00bb#16c48c\u00a0\u00bb][vc_custom_heading text=\u00a0\u00bbDepuis plus d\u2019un demi-si\u00e8cle, Kruger est un fournisseur de cartonnage de confiance pour des fabricants d\u2019emballages de pointe en Am\u00e9rique du Nord.\u00a0\u00bb font_container=\u00a0\u00bbtag:p|text_align:center\u00a0\u00bb use_theme_fonts=\u00a0\u00bbyes\u00a0\u00bb el_class=\u00a0\u00bbborderLeadText\u00a0\u00bb][vc_separator color=\u00a0\u00bbcustom\u00a0\u00bb border_width=\u00a0\u00bb2&Prime; accent_color=\u00a0\u00bb#16c48c\u00a0\u00bb][vc_empty_space height=\u00a0\u00bb3rem\u00a0\u00bb][\/vc_column][\/vc_row][vc_row][vc_column css=\u00a0\u00bb.vc_custom_1556906363047{padding-bottom: 50px !important;}\u00a0\u00bb offset=\u00a0\u00bbvc_col-md-offset-2 vc_col-md-8&Prime;][vc_column_text css=\u00a0\u00bb.vc_custom_1670515906909{margin-bottom: 0px !important;padding-bottom: 0px !important;}\u00a0\u00bb] [&hellip;]<\/p>\n","protected":false},"author":1,"featured_media":0,"parent":0,"menu_order":12,"comment_status":"closed","ping_status":"closed","template":"page-templates\/template-accueil-subsite.php","meta":{"_acf_changed":false,"footnotes":""},"class_list":["post-318","page","type-page","status-publish","hentry"],"acf":[],"yoast_head":"<!-- This site is optimized with the Yoast SEO plugin v27.0 - https:\/\/yoast.com\/product\/yoast-seo-wordpress\/ -->\n<title>Cartonnage - Kruger Inc.<\/title>\n<meta name=\"description\" content=\"Depuis plus d\u2019un demi-si\u00e8cle, Kruger est un fournisseur de cartonnage de confiance pour des fabricants d\u2019emballages de pointe en Am\u00e9rique du Nord.\" \/>\n<meta name=\"robots\" content=\"index, follow, max-snippet:-1, max-image-preview:large, max-video-preview:-1\" \/>\n<link rel=\"canonical\" href=\"https:\/\/containerboard.kruger.com\/fr\/\" \/>\n<meta property=\"og:locale\" content=\"fr_FR\" \/>\n<meta property=\"og:type\" content=\"article\" \/>\n<meta property=\"og:title\" content=\"Cartonnage - Kruger Inc.\" \/>\n<meta property=\"og:description\" content=\"Depuis plus d\u2019un demi-si\u00e8cle, Kruger est un fournisseur de cartonnage de confiance pour des fabricants d\u2019emballages de pointe en Am\u00e9rique du Nord.\" \/>\n<meta property=\"og:url\" content=\"https:\/\/containerboard.kruger.com\/fr\/\" \/>\n<meta property=\"og:site_name\" content=\"Containerboard\" \/>\n<meta property=\"article:modified_time\" content=\"2025-01-28T20:21:37+00:00\" \/>\n<meta name=\"twitter:card\" content=\"summary_large_image\" \/>\n<meta name=\"twitter:label1\" content=\"Dur\u00e9e de lecture estim\u00e9e\" \/>\n\t<meta name=\"twitter:data1\" content=\"2 minutes\" \/>\n<script type=\"application\/ld+json\" class=\"yoast-schema-graph\">{\"@context\":\"https:\/\/schema.org\",\"@graph\":[{\"@type\":\"WebPage\",\"@id\":\"https:\/\/containerboard.kruger.com\/fr\/\",\"url\":\"https:\/\/containerboard.kruger.com\/fr\/\",\"name\":\"Cartonnage - Kruger Inc.\",\"isPartOf\":{\"@id\":\"https:\/\/containerboard.kruger.com\/#website\"},\"datePublished\":\"2018-01-07T19:31:37+00:00\",\"dateModified\":\"2025-01-28T20:21:37+00:00\",\"description\":\"Depuis plus d\u2019un demi-si\u00e8cle, Kruger est un fournisseur de cartonnage de confiance pour des fabricants d\u2019emballages de pointe en Am\u00e9rique du Nord.\",\"breadcrumb\":{\"@id\":\"https:\/\/containerboard.kruger.com\/fr\/#breadcrumb\"},\"inLanguage\":\"fr-FR\",\"potentialAction\":[{\"@type\":\"ReadAction\",\"target\":[\"https:\/\/containerboard.kruger.com\/fr\/\"]}]},{\"@type\":\"BreadcrumbList\",\"@id\":\"https:\/\/containerboard.kruger.com\/fr\/#breadcrumb\",\"itemListElement\":[{\"@type\":\"ListItem\",\"position\":1,\"name\":\"Home\",\"item\":\"https:\/\/containerboard.kruger.com\/fr\/\"},{\"@type\":\"ListItem\",\"position\":2,\"name\":\"Accueil\"}]},{\"@type\":\"WebSite\",\"@id\":\"https:\/\/containerboard.kruger.com\/#website\",\"url\":\"https:\/\/containerboard.kruger.com\/\",\"name\":\"Containerboard\",\"description\":\"Just another Kruger Sites site\",\"potentialAction\":[{\"@type\":\"SearchAction\",\"target\":{\"@type\":\"EntryPoint\",\"urlTemplate\":\"https:\/\/containerboard.kruger.com\/?s={search_term_string}\"},\"query-input\":{\"@type\":\"PropertyValueSpecification\",\"valueRequired\":true,\"valueName\":\"search_term_string\"}}],\"inLanguage\":\"fr-FR\"}]}<\/script>\n<!-- \/ Yoast SEO plugin. -->","yoast_head_json":{"title":"Cartonnage - Kruger Inc.","description":"Depuis plus d\u2019un demi-si\u00e8cle, Kruger est un fournisseur de cartonnage de confiance pour des fabricants d\u2019emballages de pointe en Am\u00e9rique du Nord.","robots":{"index":"index","follow":"follow","max-snippet":"max-snippet:-1","max-image-preview":"max-image-preview:large","max-video-preview":"max-video-preview:-1"},"canonical":"https:\/\/containerboard.kruger.com\/fr\/","og_locale":"fr_FR","og_type":"article","og_title":"Cartonnage - Kruger Inc.","og_description":"Depuis plus d\u2019un demi-si\u00e8cle, Kruger est un fournisseur de cartonnage de confiance pour des fabricants d\u2019emballages de pointe en Am\u00e9rique du Nord.","og_url":"https:\/\/containerboard.kruger.com\/fr\/","og_site_name":"Containerboard","article_modified_time":"2025-01-28T20:21:37+00:00","twitter_card":"summary_large_image","twitter_misc":{"Dur\u00e9e de lecture estim\u00e9e":"2 minutes"},"schema":{"@context":"https:\/\/schema.org","@graph":[{"@type":"WebPage","@id":"https:\/\/containerboard.kruger.com\/fr\/","url":"https:\/\/containerboard.kruger.com\/fr\/","name":"Cartonnage - Kruger Inc.","isPartOf":{"@id":"https:\/\/containerboard.kruger.com\/#website"},"datePublished":"2018-01-07T19:31:37+00:00","dateModified":"2025-01-28T20:21:37+00:00","description":"Depuis plus d\u2019un demi-si\u00e8cle, Kruger est un fournisseur de cartonnage de confiance pour des fabricants d\u2019emballages de pointe en Am\u00e9rique du Nord.","breadcrumb":{"@id":"https:\/\/containerboard.kruger.com\/fr\/#breadcrumb"},"inLanguage":"fr-FR","potentialAction":[{"@type":"ReadAction","target":["https:\/\/containerboard.kruger.com\/fr\/"]}]},{"@type":"BreadcrumbList","@id":"https:\/\/containerboard.kruger.com\/fr\/#breadcrumb","itemListElement":[{"@type":"ListItem","position":1,"name":"Home","item":"https:\/\/containerboard.kruger.com\/fr\/"},{"@type":"ListItem","position":2,"name":"Accueil"}]},{"@type":"WebSite","@id":"https:\/\/containerboard.kruger.com\/#website","url":"https:\/\/containerboard.kruger.com\/","name":"Containerboard","description":"Just another Kruger Sites site","potentialAction":[{"@type":"SearchAction","target":{"@type":"EntryPoint","urlTemplate":"https:\/\/containerboard.kruger.com\/?s={search_term_string}"},"query-input":{"@type":"PropertyValueSpecification","valueRequired":true,"valueName":"search_term_string"}}],"inLanguage":"fr-FR"}]}},"_links":{"self":[{"href":"https:\/\/containerboard.kruger.com\/fr\/wp-json\/wp\/v2\/pages\/318","targetHints":{"allow":["GET"]}}],"collection":[{"href":"https:\/\/containerboard.kruger.com\/fr\/wp-json\/wp\/v2\/pages"}],"about":[{"href":"https:\/\/containerboard.kruger.com\/fr\/wp-json\/wp\/v2\/types\/page"}],"author":[{"embeddable":true,"href":"https:\/\/containerboard.kruger.com\/fr\/wp-json\/wp\/v2\/users\/1"}],"replies":[{"embeddable":true,"href":"https:\/\/containerboard.kruger.com\/fr\/wp-json\/wp\/v2\/comments?post=318"}],"version-history":[{"count":11,"href":"https:\/\/containerboard.kruger.com\/fr\/wp-json\/wp\/v2\/pages\/318\/revisions"}],"predecessor-version":[{"id":887,"href":"https:\/\/containerboard.kruger.com\/fr\/wp-json\/wp\/v2\/pages\/318\/revisions\/887"}],"wp:attachment":[{"href":"https:\/\/containerboard.kruger.com\/fr\/wp-json\/wp\/v2\/media?parent=318"}],"curies":[{"name":"wp","href":"https:\/\/api.w.org\/{rel}","templated":true}]}}